{"id":3562,"date":"2025-11-06T09:41:58","date_gmt":"2025-11-06T09:41:58","guid":{"rendered":"https:\/\/lauras194.sg-host.com\/cookie-policy-eu\/"},"modified":"2025-11-07T13:49:08","modified_gmt":"2025-11-07T13:49:08","slug":"cookie-policy-eu","status":"publish","type":"page","link":"https:\/\/thansasol.com\/es\/cookie-policy-eu\/","title":{"rendered":"Pol\u00edtica de cookies (UE)"},"content":{"rendered":"<div data-elementor-type=\"wp-page\" data-elementor-id=\"3562\" class=\"elementor elementor-3562\" data-elementor-post-type=\"page\">\n\t\t\t\t<div class=\"elementor-element elementor-element-43fe704 e-flex e-con-boxed e-con e-parent\" data-id=\"43fe704\" data-element_type=\"container\">\n\t\t\t\t\t<div class=\"e-con-inner\">\n\t\t\t\t<div class=\"elementor-element elementor-element-9d04d92 elementor-widget__width-initial elementor-widget elementor-widget-heading\" data-id=\"9d04d92\" data-element_type=\"widget\" data-widget_type=\"heading.default\">\n\t\t\t\t\t<p class=\"elementor-heading-title elementor-size-default\">Pol\u00edtica de cookies <\/p>\t\t\t\t<\/div>\n\t\t\t\t<div class=\"elementor-element elementor-element-f0fd4a5 elementor-widget-mobile__width-initial elementor-widget elementor-widget-heading\" data-id=\"f0fd4a5\" data-element_type=\"widget\" data-widget_type=\"heading.default\">\n\t\t\t\t\t<p class=\"elementor-heading-title elementor-size-default\">- Thansa Sol<\/p>\t\t\t\t<\/div>\n\t\t\t\t<div class=\"elementor-element elementor-element-d87792f elementor-widget elementor-widget-heading\" data-id=\"d87792f\" data-element_type=\"widget\" data-widget_type=\"heading.default\">\n\t\t\t\t\t<h2 class=\"elementor-heading-title elementor-size-default\">Esta Pol\u00edtica de Cookies se actualiz\u00f3 por \u00faltima vez el 6 de noviembre de 2025 y se aplica a los ciudadanos y residentes legales permanentes del Espacio Econ\u00f3mico Europeo y Suiza.<\/h2>\t\t\t\t<\/div>\n\t\t\t\t<div class=\"elementor-element elementor-element-74585c3 elementor-widget-mobile__width-initial elementor-widget elementor-widget-heading\" data-id=\"74585c3\" data-element_type=\"widget\" data-widget_type=\"heading.default\">\n\t\t\t\t\t<p class=\"elementor-heading-title elementor-size-default\">1. Introducci\u00f3n<\/p>\t\t\t\t<\/div>\n\t\t\t\t<div class=\"elementor-element elementor-element-b94e227 elementor-widget elementor-widget-heading\" data-id=\"b94e227\" data-element_type=\"widget\" data-widget_type=\"heading.default\">\n\t\t\t\t\t<h2 class=\"elementor-heading-title elementor-size-default\">Nuestro sitio web, https:\/\/thansasol.com (en adelante, \"el sitio web\") utiliza cookies y otras tecnolog\u00edas relacionadas (para mayor comodidad, todas las tecnolog\u00edas se denominan \"cookies\"). Las cookies tambi\u00e9n son colocadas por terceros que hemos contratado. En el siguiente documento le informamos sobre el uso de cookies en nuestro sitio web.<\/h2>\t\t\t\t<\/div>\n\t\t\t\t<div class=\"elementor-element elementor-element-cda2280 elementor-widget-mobile__width-initial elementor-widget elementor-widget-heading\" data-id=\"cda2280\" data-element_type=\"widget\" data-widget_type=\"heading.default\">\n\t\t\t\t\t<p class=\"elementor-heading-title elementor-size-default\">2. \u00bfQu\u00e9 son las cookies?<\/p>\t\t\t\t<\/div>\n\t\t\t\t<div class=\"elementor-element elementor-element-491cfc7 elementor-widget elementor-widget-heading\" data-id=\"491cfc7\" data-element_type=\"widget\" data-widget_type=\"heading.default\">\n\t\t\t\t\t<h2 class=\"elementor-heading-title elementor-size-default\">Una cookie es un peque\u00f1o archivo simple que se env\u00eda junto con las p\u00e1ginas de este sitio web y que su navegador almacena en el disco duro de su ordenador u otro dispositivo. La informaci\u00f3n almacenada en \u00e9l puede ser devuelta a nuestros servidores o a los servidores de los terceros pertinentes durante una visita posterior.<\/h2>\t\t\t\t<\/div>\n\t\t\t\t<div class=\"elementor-element elementor-element-e9375ab elementor-widget-mobile__width-initial elementor-widget elementor-widget-heading\" data-id=\"e9375ab\" data-element_type=\"widget\" data-widget_type=\"heading.default\">\n\t\t\t\t\t<p class=\"elementor-heading-title elementor-size-default\">3. \u00bfQu\u00e9 son los guiones?<\/p>\t\t\t\t<\/div>\n\t\t\t\t<div class=\"elementor-element elementor-element-060ad42 elementor-widget elementor-widget-heading\" data-id=\"060ad42\" data-element_type=\"widget\" data-widget_type=\"heading.default\">\n\t\t\t\t\t<h2 class=\"elementor-heading-title elementor-size-default\">Un script es un fragmento de c\u00f3digo de programa que se utiliza para que nuestro sitio web funcione correctamente y de forma interactiva. Este c\u00f3digo se ejecuta en nuestro servidor o en su dispositivo.<\/h2>\t\t\t\t<\/div>\n\t\t\t\t<div class=\"elementor-element elementor-element-655a548 elementor-widget-mobile__width-initial elementor-widget elementor-widget-heading\" data-id=\"655a548\" data-element_type=\"widget\" data-widget_type=\"heading.default\">\n\t\t\t\t\t<p class=\"elementor-heading-title elementor-size-default\">4. \u00bfQu\u00e9 es una baliza web?<\/p>\t\t\t\t<\/div>\n\t\t\t\t<div class=\"elementor-element elementor-element-367bc6e elementor-widget elementor-widget-heading\" data-id=\"367bc6e\" data-element_type=\"widget\" data-widget_type=\"heading.default\">\n\t\t\t\t\t<h2 class=\"elementor-heading-title elementor-size-default\">Una baliza web (o etiqueta de p\u00edxel) es un peque\u00f1o fragmento de texto o imagen invisible en un sitio web que se utiliza para controlar el tr\u00e1fico en un sitio web. Para ello, se almacenan diversos datos sobre usted utilizando balizas web.se para los que se recopilaron, y durante un m\u00e1ximo de 12 meses, a menos que las obligaciones legales exijan una conservaci\u00f3n m\u00e1s prolongada.<\/h2>\t\t\t\t<\/div>\n\t\t\t\t<div class=\"elementor-element elementor-element-ca1a9f3 elementor-widget-mobile__width-initial elementor-widget elementor-widget-heading\" data-id=\"ca1a9f3\" data-element_type=\"widget\" data-widget_type=\"heading.default\">\n\t\t\t\t\t<p class=\"elementor-heading-title elementor-size-default\">5. Cookies<\/p>\t\t\t\t<\/div>\n\t\t\t\t<div class=\"elementor-element elementor-element-0bb2da6 elementor-widget-mobile__width-initial elementor-widget elementor-widget-heading\" data-id=\"0bb2da6\" data-element_type=\"widget\" data-widget_type=\"heading.default\">\n\t\t\t\t\t<p class=\"elementor-heading-title elementor-size-default\">5.1 Cookies t\u00e9cnicas o funcionales<\/p>\t\t\t\t<\/div>\n\t\t\t\t<div class=\"elementor-element elementor-element-e2cb4e3 elementor-widget elementor-widget-heading\" data-id=\"e2cb4e3\" data-element_type=\"widget\" data-widget_type=\"heading.default\">\n\t\t\t\t\t<h2 class=\"elementor-heading-title elementor-size-default\">No compartimos datos personales con terceros, salvo para integraciones t\u00e9cnicas como:aAlgunas cookies garantizan que determinadas partes del sitio web funcionen correctamente y que se conozcan sus preferencias de usuario. Al colocar cookies funcionales, le facilitamos la visita a nuestro sitio web. De este modo, no tendr\u00e1 que introducir repetidamente la misma informaci\u00f3n cuando visite nuestro sitio web y, por ejemplo, los art\u00edculos permanecer\u00e1n en su cesta de la compra hasta que haya pagado. Podemos colocar estas cookies sin su consentimiento.<\/h2>\t\t\t\t<\/div>\n\t\t\t\t<div class=\"elementor-element elementor-element-754611f elementor-widget-mobile__width-initial elementor-widget elementor-widget-heading\" data-id=\"754611f\" data-element_type=\"widget\" data-widget_type=\"heading.default\">\n\t\t\t\t\t<p class=\"elementor-heading-title elementor-size-default\">5.2 Cookies de marketing\/seguimiento<\/p>\t\t\t\t<\/div>\n\t\t\t\t<div class=\"elementor-element elementor-element-397991d elementor-widget elementor-widget-heading\" data-id=\"397991d\" data-element_type=\"widget\" data-widget_type=\"heading.default\">\n\t\t\t\t\t<h2 class=\"elementor-heading-title elementor-size-default\">Las cookies de marketing\/seguimiento son cookies o cualquier otra forma de almacenamiento local, utilizadas para crear perfiles de usuario para mostrar publicidad o para seguir al usuario en este sitio web o en varios sitios web con fines de marketing similares.<\/h2>\t\t\t\t<\/div>\n\t\t\t\t<div class=\"elementor-element elementor-element-aa20a0a elementor-widget-mobile__width-initial elementor-widget elementor-widget-heading\" data-id=\"aa20a0a\" data-element_type=\"widget\" data-widget_type=\"heading.default\">\n\t\t\t\t\t<p class=\"elementor-heading-title elementor-size-default\">6. Galletas colocadas<\/p>\t\t\t\t<\/div>\n\t\t\t\t<div class=\"elementor-element elementor-element-dd17d62 elementor-widget-mobile__width-initial elementor-widget elementor-widget-heading\" data-id=\"dd17d62\" data-element_type=\"widget\" data-widget_type=\"heading.default\">\n\t\t\t\t\t<p class=\"elementor-heading-title elementor-size-default\">7. Consentimiento<\/p>\t\t\t\t<\/div>\n\t\t\t\t<div class=\"elementor-element elementor-element-940e039 elementor-widget elementor-widget-heading\" data-id=\"940e039\" data-element_type=\"widget\" data-widget_type=\"heading.default\">\n\t\t\t\t\t<h2 class=\"elementor-heading-title elementor-size-default\">Cuando visite nuestro sitio web por primera vez, le mostraremos una ventana emergente con una explicaci\u00f3n sobre las cookies. En cuanto haga clic en \"Guardar preferencias\", nos dar\u00e1 su consentimiento para utilizar las categor\u00edas de cookies y complementos que haya seleccionado en la ventana emergente, tal y como se describe en la presente Pol\u00edtica de Cookies. Puede desactivar el uso de cookies a trav\u00e9s de su navegador, pero tenga en cuenta que es posible que nuestro sitio web deje de funcionar correctamente.<\/h2>\t\t\t\t<\/div>\n\t\t\t\t<div class=\"elementor-element elementor-element-c669fd1 elementor-widget-mobile__width-initial elementor-widget elementor-widget-heading\" data-id=\"c669fd1\" data-element_type=\"widget\" data-widget_type=\"heading.default\">\n\t\t\t\t\t<p class=\"elementor-heading-title elementor-size-default\">9. Cambios en esta pol\u00edtica<\/p>\t\t\t\t<\/div>\n\t\t\t\t<div class=\"elementor-element elementor-element-3cb4102 elementor-widget-mobile__width-initial elementor-widget elementor-widget-heading\" data-id=\"3cb4102\" data-element_type=\"widget\" data-widget_type=\"heading.default\">\n\t\t\t\t\t<p class=\"elementor-heading-title elementor-size-default\">7.1 Gestionar la configuraci\u00f3n del consentimiento<\/p>\t\t\t\t<\/div>\n\t\t\t\t<div class=\"elementor-element elementor-element-cf8cc03 elementor-widget-mobile__width-initial elementor-widget elementor-widget-heading\" data-id=\"cf8cc03\" data-element_type=\"widget\" data-widget_type=\"heading.default\">\n\t\t\t\t\t<p class=\"elementor-heading-title elementor-size-default\">Funcional<\/p>\t\t\t\t<\/div>\n\t\t\t\t<div class=\"elementor-element elementor-element-b9e28fd elementor-widget elementor-widget-heading\" data-id=\"b9e28fd\" data-element_type=\"widget\" data-widget_type=\"heading.default\">\n\t\t\t\t\t<h2 class=\"elementor-heading-title elementor-size-default\">El almacenamiento o acceso t\u00e9cnico es estrictamente necesario para el fin leg\u00edtimo de permitir el uso de un servicio espec\u00edfico solicitado expl\u00edcitamente por el abonado o usuario, o con el \u00fanico fin de llevar a cabo la transmisi\u00f3n de una comunicaci\u00f3n a trav\u00e9s de una red de comunicaciones electr\u00f3nicas.<\/h2>\t\t\t\t<\/div>\n\t\t\t\t<div class=\"elementor-element elementor-element-9984168 elementor-widget-mobile__width-initial elementor-widget elementor-widget-heading\" data-id=\"9984168\" data-element_type=\"widget\" data-widget_type=\"heading.default\">\n\t\t\t\t\t<p class=\"elementor-heading-title elementor-size-default\">Estad\u00edsticas<\/p>\t\t\t\t<\/div>\n\t\t\t\t<div class=\"elementor-element elementor-element-784aaa4 elementor-widget elementor-widget-heading\" data-id=\"784aaa4\" data-element_type=\"widget\" data-widget_type=\"heading.default\">\n\t\t\t\t\t<h2 class=\"elementor-heading-title elementor-size-default\">El almacenamiento o acceso t\u00e9cnico que se utiliza exclusivamente con fines estad\u00edsticos an\u00f3nimos. Sin una citaci\u00f3n judicial, el cumplimiento voluntario por parte de su proveedor de servicios de Internet o registros adicionales de un tercero, la informaci\u00f3n almacenada o recuperada \u00fanicamente con este fin no puede utilizarse normalmente para identificarle.<\/h2>\t\t\t\t<\/div>\n\t\t\t\t<div class=\"elementor-element elementor-element-5702b99 elementor-widget-mobile__width-initial elementor-widget elementor-widget-heading\" data-id=\"5702b99\" data-element_type=\"widget\" data-widget_type=\"heading.default\">\n\t\t\t\t\t<p class=\"elementor-heading-title elementor-size-default\">Marketing<\/p>\t\t\t\t<\/div>\n\t\t\t\t<div class=\"elementor-element elementor-element-3b5b9ae elementor-widget elementor-widget-heading\" data-id=\"3b5b9ae\" data-element_type=\"widget\" data-widget_type=\"heading.default\">\n\t\t\t\t\t<h2 class=\"elementor-heading-title elementor-size-default\">El almacenamiento o acceso t\u00e9cnico es necesario para crear perfiles de usuario para enviar publicidad, o para seguir al usuario en un sitio web o en varios sitios web con fines de marketing similares.<\/h2>\t\t\t\t<\/div>\n\t\t\t\t<div class=\"elementor-element elementor-element-bbfd972 elementor-widget-mobile__width-initial elementor-widget elementor-widget-heading\" data-id=\"bbfd972\" data-element_type=\"widget\" data-widget_type=\"heading.default\">\n\t\t\t\t\t<p class=\"elementor-heading-title elementor-size-default\">8. Activaci\u00f3n\/desactivaci\u00f3n y eliminaci\u00f3n de cookies<\/p>\t\t\t\t<\/div>\n\t\t\t\t<div class=\"elementor-element elementor-element-f3221e9 elementor-widget elementor-widget-heading\" data-id=\"f3221e9\" data-element_type=\"widget\" data-widget_type=\"heading.default\">\n\t\t\t\t\t<h2 class=\"elementor-heading-title elementor-size-default\">Puede utilizar su navegador de Internet para eliminar las cookies autom\u00e1tica o manualmente. Tambi\u00e9n puede especificar que no se coloquen determinadas cookies. Otra opci\u00f3n es cambiar la configuraci\u00f3n de su navegador de Internet para que reciba un mensaje cada vez que se instale una cookie. Para m\u00e1s informaci\u00f3n sobre estas opciones, consulte las instrucciones de la secci\u00f3n de Ayuda de su navegador.<br><br>\nTenga en cuenta que nuestro sitio web puede no funcionar correctamente si se desactivan todas las cookies. Si elimina las cookies de su navegador, volver\u00e1n a colocarse tras su consentimiento cuando vuelva a visitar nuestro sitio web.<\/h2>\t\t\t\t<\/div>\n\t\t\t\t<div class=\"elementor-element elementor-element-1249da5 elementor-widget-mobile__width-initial elementor-widget elementor-widget-heading\" data-id=\"1249da5\" data-element_type=\"widget\" data-widget_type=\"heading.default\">\n\t\t\t\t\t<p class=\"elementor-heading-title elementor-size-default\">9. Sus derechos con respecto a los datos personales<\/p>\t\t\t\t<\/div>\n\t\t\t\t<div class=\"elementor-element elementor-element-111841c elementor-widget elementor-widget-heading\" data-id=\"111841c\" data-element_type=\"widget\" data-widget_type=\"heading.default\">\n\t\t\t\t\t<h2 class=\"elementor-heading-title elementor-size-default\">Usted tiene los siguientes derechos con respecto a sus datos personales:<\/h2>\t\t\t\t<\/div>\n\t\t\t\t<div class=\"elementor-element elementor-element-148cdb7 elementor-icon-list--layout-traditional elementor-list-item-link-full_width elementor-widget elementor-widget-icon-list\" data-id=\"148cdb7\" data-element_type=\"widget\" data-widget_type=\"icon-list.default\">\n\t\t\t\t\t\t\t<ul class=\"elementor-icon-list-items\">\n\t\t\t\t\t\t\t<li class=\"elementor-icon-list-item\">\n\t\t\t\t\t\t\t\t\t\t\t<span class=\"elementor-icon-list-icon\">\n\t\t\t\t\t\t\t<svg aria-hidden=\"true\" class=\"e-font-icon-svg e-fas-circle\" viewbox=\"0 0 512 512\" xmlns=\"http:\/\/www.w3.org\/2000\/svg\"><path d=\"M256 8C119 8 8 119 8 256s111 248 248 248 248-111 248-248S393 8 256 8z\"><\/path><\/svg>\t\t\t\t\t\t<\/span>\n\t\t\t\t\t\t\t\t\t\t<span class=\"elementor-icon-list-text\">Tiene derecho a saber por qu\u00e9 se necesitan sus datos personales, qu\u00e9 ocurrir\u00e1 con ellos y durante cu\u00e1nto tiempo se conservar\u00e1n.<\/span>\n\t\t\t\t\t\t\t\t\t<\/li>\n\t\t\t\t\t\t\t\t<li class=\"elementor-icon-list-item\">\n\t\t\t\t\t\t\t\t\t\t\t<span class=\"elementor-icon-list-icon\">\n\t\t\t\t\t\t\t<svg aria-hidden=\"true\" class=\"e-font-icon-svg e-fas-circle\" viewbox=\"0 0 512 512\" xmlns=\"http:\/\/www.w3.org\/2000\/svg\"><path d=\"M256 8C119 8 8 119 8 256s111 248 248 248 248-111 248-248S393 8 256 8z\"><\/path><\/svg>\t\t\t\t\t\t<\/span>\n\t\t\t\t\t\t\t\t\t\t<span class=\"elementor-icon-list-text\">Derecho de acceso: Tiene derecho a acceder a sus datos personales que conozcamos.<\/span>\n\t\t\t\t\t\t\t\t\t<\/li>\n\t\t\t\t\t\t\t\t<li class=\"elementor-icon-list-item\">\n\t\t\t\t\t\t\t\t\t\t\t<span class=\"elementor-icon-list-icon\">\n\t\t\t\t\t\t\t<svg aria-hidden=\"true\" class=\"e-font-icon-svg e-fas-circle\" viewbox=\"0 0 512 512\" xmlns=\"http:\/\/www.w3.org\/2000\/svg\"><path d=\"M256 8C119 8 8 119 8 256s111 248 248 248 248-111 248-248S393 8 256 8z\"><\/path><\/svg>\t\t\t\t\t\t<\/span>\n\t\t\t\t\t\t\t\t\t\t<span class=\"elementor-icon-list-text\">Derecho de rectificaci\u00f3n: tiene derecho a completar, rectificar, suprimir o bloquear sus datos personales siempre que lo desee.<\/span>\n\t\t\t\t\t\t\t\t\t<\/li>\n\t\t\t\t\t\t\t\t<li class=\"elementor-icon-list-item\">\n\t\t\t\t\t\t\t\t\t\t\t<span class=\"elementor-icon-list-icon\">\n\t\t\t\t\t\t\t<svg aria-hidden=\"true\" class=\"e-font-icon-svg e-fas-circle\" viewbox=\"0 0 512 512\" xmlns=\"http:\/\/www.w3.org\/2000\/svg\"><path d=\"M256 8C119 8 8 119 8 256s111 248 248 248 248-111 248-248S393 8 256 8z\"><\/path><\/svg>\t\t\t\t\t\t<\/span>\n\t\t\t\t\t\t\t\t\t\t<span class=\"elementor-icon-list-text\">Si nos da su consentimiento para tratar sus datos, tiene derecho a revocarlo y a que se supriman sus datos personales.<\/span>\n\t\t\t\t\t\t\t\t\t<\/li>\n\t\t\t\t\t\t\t\t<li class=\"elementor-icon-list-item\">\n\t\t\t\t\t\t\t\t\t\t\t<span class=\"elementor-icon-list-icon\">\n\t\t\t\t\t\t\t<svg aria-hidden=\"true\" class=\"e-font-icon-svg e-fas-circle\" viewbox=\"0 0 512 512\" xmlns=\"http:\/\/www.w3.org\/2000\/svg\"><path d=\"M256 8C119 8 8 119 8 256s111 248 248 248 248-111 248-248S393 8 256 8z\"><\/path><\/svg>\t\t\t\t\t\t<\/span>\n\t\t\t\t\t\t\t\t\t\t<span class=\"elementor-icon-list-text\">Derecho a transferir sus datos: tiene derecho a solicitar todos sus datos personales al responsable del tratamiento y transferirlos en su totalidad a otro responsable.<\/span>\n\t\t\t\t\t\t\t\t\t<\/li>\n\t\t\t\t\t\t\t\t<li class=\"elementor-icon-list-item\">\n\t\t\t\t\t\t\t\t\t\t\t<span class=\"elementor-icon-list-icon\">\n\t\t\t\t\t\t\t<svg aria-hidden=\"true\" class=\"e-font-icon-svg e-fas-circle\" viewbox=\"0 0 512 512\" xmlns=\"http:\/\/www.w3.org\/2000\/svg\"><path d=\"M256 8C119 8 8 119 8 256s111 248 248 248 248-111 248-248S393 8 256 8z\"><\/path><\/svg>\t\t\t\t\t\t<\/span>\n\t\t\t\t\t\t\t\t\t\t<span class=\"elementor-icon-list-text\">Derecho de oposici\u00f3n: puede oponerse al tratamiento de sus datos. La cumplimos, salvo que existan motivos justificados para el tratamiento.<\/span>\n\t\t\t\t\t\t\t\t\t<\/li>\n\t\t\t\t\t\t<\/ul>\n\t\t\t\t\t\t<\/div>\n\t\t\t\t<div class=\"elementor-element elementor-element-b11526a elementor-widget elementor-widget-heading\" data-id=\"b11526a\" data-element_type=\"widget\" data-widget_type=\"heading.default\">\n\t\t\t\t\t<h2 class=\"elementor-heading-title elementor-size-default\">Para ejercer estos derechos, p\u00f3ngase en contacto con nosotros. Consulte los datos de contacto en la parte inferior de esta Pol\u00edtica de Cookies. Si tiene alguna queja sobre c\u00f3mo tratamos sus datos, nos gustar\u00eda conocerla, pero tambi\u00e9n tiene derecho a presentar una queja ante la autoridad supervisora (la Autoridad de Protecci\u00f3n de Datos).<\/h2>\t\t\t\t<\/div>\n\t\t\t\t<div class=\"elementor-element elementor-element-fda3eb7 elementor-widget-mobile__width-initial elementor-widget elementor-widget-heading\" data-id=\"fda3eb7\" data-element_type=\"widget\" data-widget_type=\"heading.default\">\n\t\t\t\t\t<p class=\"elementor-heading-title elementor-size-default\">10. Datos de contacto<\/p>\t\t\t\t<\/div>\n\t\t\t\t<div class=\"elementor-element elementor-element-079f1ea elementor-widget elementor-widget-heading\" data-id=\"079f1ea\" data-element_type=\"widget\" data-widget_type=\"heading.default\">\n\t\t\t\t\t<h2 class=\"elementor-heading-title elementor-size-default\">Para preguntas y\/o comentarios sobre nuestra Pol\u00edtica de Cookies y esta declaraci\u00f3n, p\u00f3ngase en contacto con nosotros utilizando los siguientes datos de contacto:<\/h2>\t\t\t\t<\/div>\n\t\t\t\t<div class=\"elementor-element elementor-element-42c587e elementor-widget elementor-widget-heading\" data-id=\"42c587e\" data-element_type=\"widget\" data-widget_type=\"heading.default\">\n\t\t\t\t\t<h2 class=\"elementor-heading-title elementor-size-default\">THANSA ESTATE AGENTS LIMITED<br>\nSigma House, Oak View Close, TQ2<br>\n7FF, Torquay, Devon.<br>\nReino Unido<br>\nP\u00e1gina web: https:\/\/thansasol.com<br>\nCorreo electr\u00f3nico: info@thansasol.com<\/h2>\t\t\t\t<\/div>\n\t\t\t\t\t<\/div>\n\t\t\t\t<\/div>\n\t\t\t\t<\/div>","protected":false},"excerpt":{"rendered":"<p>Cookie Policy \u2013 Thansa Sol This Cookie Policy was last updated on November 6, 2025 and applies to citizens and legal permanent residents of the European Economic Area and Switzerland. 1. Introduction Our website, https:\/\/thansasol.com (hereinafter: &#8220;the website&#8221;) uses cookies and other related technologies (for convenience all technologies are referred to as &#8220;cookies&#8221;). Cookies are [&hellip;]<\/p>","protected":false},"author":1,"featured_media":0,"parent":0,"menu_order":0,"comment_status":"closed","ping_status":"closed","template":"","meta":{"footnotes":""},"class_list":["post-3562","page","type-page","status-publish","hentry"],"_links":{"self":[{"href":"https:\/\/thansasol.com\/es\/wp-json\/wp\/v2\/pages\/3562","targetHints":{"allow":["GET"]}}],"collection":[{"href":"https:\/\/thansasol.com\/es\/wp-json\/wp\/v2\/pages"}],"about":[{"href":"https:\/\/thansasol.com\/es\/wp-json\/wp\/v2\/types\/page"}],"author":[{"embeddable":true,"href":"https:\/\/thansasol.com\/es\/wp-json\/wp\/v2\/users\/1"}],"replies":[{"embeddable":true,"href":"https:\/\/thansasol.com\/es\/wp-json\/wp\/v2\/comments?post=3562"}],"version-history":[{"count":3,"href":"https:\/\/thansasol.com\/es\/wp-json\/wp\/v2\/pages\/3562\/revisions"}],"predecessor-version":[{"id":3568,"href":"https:\/\/thansasol.com\/es\/wp-json\/wp\/v2\/pages\/3562\/revisions\/3568"}],"wp:attachment":[{"href":"https:\/\/thansasol.com\/es\/wp-json\/wp\/v2\/media?parent=3562"}],"curies":[{"name":"wp","href":"https:\/\/api.w.org\/{rel}","templated":true}]}}