{"id":3562,"date":"2025-11-06T09:41:58","date_gmt":"2025-11-06T09:41:58","guid":{"rendered":"https:\/\/lauras194.sg-host.com\/cookie-policy-eu\/"},"modified":"2025-11-07T13:49:08","modified_gmt":"2025-11-07T13:49:08","slug":"cookie-policy-eu","status":"publish","type":"page","link":"https:\/\/thansasol.com\/fr\/cookie-policy-eu\/","title":{"rendered":"Politique en mati\u00e8re de cookies (UE)"},"content":{"rendered":"<div data-elementor-type=\"wp-page\" data-elementor-id=\"3562\" class=\"elementor elementor-3562\" data-elementor-post-type=\"page\">\n\t\t\t\t<div class=\"elementor-element elementor-element-43fe704 e-flex e-con-boxed e-con e-parent\" data-id=\"43fe704\" data-element_type=\"container\">\n\t\t\t\t\t<div class=\"e-con-inner\">\n\t\t\t\t<div class=\"elementor-element elementor-element-9d04d92 elementor-widget__width-initial elementor-widget elementor-widget-heading\" data-id=\"9d04d92\" data-element_type=\"widget\" data-widget_type=\"heading.default\">\n\t\t\t\t\t<p class=\"elementor-heading-title elementor-size-default\">Politique en mati\u00e8re de cookies <\/p>\t\t\t\t<\/div>\n\t\t\t\t<div class=\"elementor-element elementor-element-f0fd4a5 elementor-widget-mobile__width-initial elementor-widget elementor-widget-heading\" data-id=\"f0fd4a5\" data-element_type=\"widget\" data-widget_type=\"heading.default\">\n\t\t\t\t\t<p class=\"elementor-heading-title elementor-size-default\">- Thansa Sol<\/p>\t\t\t\t<\/div>\n\t\t\t\t<div class=\"elementor-element elementor-element-d87792f elementor-widget elementor-widget-heading\" data-id=\"d87792f\" data-element_type=\"widget\" data-widget_type=\"heading.default\">\n\t\t\t\t\t<h2 class=\"elementor-heading-title elementor-size-default\">La pr\u00e9sente politique en mati\u00e8re de cookies a \u00e9t\u00e9 mise \u00e0 jour pour la derni\u00e8re fois le 6 novembre 2025 et s'applique aux citoyens et aux r\u00e9sidents permanents l\u00e9gaux de l'Espace \u00e9conomique europ\u00e9en et de la Suisse.<\/h2>\t\t\t\t<\/div>\n\t\t\t\t<div class=\"elementor-element elementor-element-74585c3 elementor-widget-mobile__width-initial elementor-widget elementor-widget-heading\" data-id=\"74585c3\" data-element_type=\"widget\" data-widget_type=\"heading.default\">\n\t\t\t\t\t<p class=\"elementor-heading-title elementor-size-default\">1. Introduction<\/p>\t\t\t\t<\/div>\n\t\t\t\t<div class=\"elementor-element elementor-element-b94e227 elementor-widget elementor-widget-heading\" data-id=\"b94e227\" data-element_type=\"widget\" data-widget_type=\"heading.default\">\n\t\t\t\t\t<h2 class=\"elementor-heading-title elementor-size-default\">Notre site web, https:\/\/thansasol.com (ci-apr\u00e8s : \"le site web\") utilise des cookies et d'autres technologies connexes (par commodit\u00e9, toutes les technologies sont d\u00e9sign\u00e9es par le terme \"cookies\"). Des cookies sont \u00e9galement plac\u00e9s par des tiers auxquels nous avons fait appel. Dans le document ci-dessous, nous vous informons sur l'utilisation des cookies sur notre site web.<\/h2>\t\t\t\t<\/div>\n\t\t\t\t<div class=\"elementor-element elementor-element-cda2280 elementor-widget-mobile__width-initial elementor-widget elementor-widget-heading\" data-id=\"cda2280\" data-element_type=\"widget\" data-widget_type=\"heading.default\">\n\t\t\t\t\t<p class=\"elementor-heading-title elementor-size-default\">2. Qu'est-ce qu'un cookie ?<\/p>\t\t\t\t<\/div>\n\t\t\t\t<div class=\"elementor-element elementor-element-491cfc7 elementor-widget elementor-widget-heading\" data-id=\"491cfc7\" data-element_type=\"widget\" data-widget_type=\"heading.default\">\n\t\t\t\t\t<h2 class=\"elementor-heading-title elementor-size-default\">Un cookie est un petit fichier simple qui est envoy\u00e9 avec les pages de ce site web et stock\u00e9 par votre navigateur sur le disque dur de votre ordinateur ou d'un autre appareil. Les informations qui y sont stock\u00e9es peuvent \u00eatre renvoy\u00e9es \u00e0 nos serveurs ou aux serveurs des tiers concern\u00e9s lors d'une visite ult\u00e9rieure.<\/h2>\t\t\t\t<\/div>\n\t\t\t\t<div class=\"elementor-element elementor-element-e9375ab elementor-widget-mobile__width-initial elementor-widget elementor-widget-heading\" data-id=\"e9375ab\" data-element_type=\"widget\" data-widget_type=\"heading.default\">\n\t\t\t\t\t<p class=\"elementor-heading-title elementor-size-default\">3. Qu'est-ce qu'un script ?<\/p>\t\t\t\t<\/div>\n\t\t\t\t<div class=\"elementor-element elementor-element-060ad42 elementor-widget elementor-widget-heading\" data-id=\"060ad42\" data-element_type=\"widget\" data-widget_type=\"heading.default\">\n\t\t\t\t\t<h2 class=\"elementor-heading-title elementor-size-default\">Un script est un morceau de code de programme qui est utilis\u00e9 pour faire fonctionner notre site web correctement et de mani\u00e8re interactive. Ce code est ex\u00e9cut\u00e9 sur notre serveur ou sur votre appareil.<\/h2>\t\t\t\t<\/div>\n\t\t\t\t<div class=\"elementor-element elementor-element-655a548 elementor-widget-mobile__width-initial elementor-widget elementor-widget-heading\" data-id=\"655a548\" data-element_type=\"widget\" data-widget_type=\"heading.default\">\n\t\t\t\t\t<p class=\"elementor-heading-title elementor-size-default\">4. Qu'est-ce qu'une balise web ?<\/p>\t\t\t\t<\/div>\n\t\t\t\t<div class=\"elementor-element elementor-element-367bc6e elementor-widget elementor-widget-heading\" data-id=\"367bc6e\" data-element_type=\"widget\" data-widget_type=\"heading.default\">\n\t\t\t\t\t<h2 class=\"elementor-heading-title elementor-size-default\">Vos donn\u00e9es \u00e0 caract\u00e8re personnel ne seront conserv\u00e9es que le temps n\u00e9cessaire \u00e0 la r\u00e9alisation de l'objectif poursuivi. Une balise web (ou pixel tag) est un petit \u00e9l\u00e9ment invisible de texte ou d'image sur un site web qui est utilis\u00e9 pour surveiller le trafic sur un site web. Pour ce faire, diverses donn\u00e9es vous concernant sont stock\u00e9es \u00e0 l'aide de balises web.se pour lesquelles elles ont \u00e9t\u00e9 collect\u00e9es, et pour une dur\u00e9e maximale de 12 mois, \u00e0 moins que des obligations l\u00e9gales n'exigent une conservation plus longue.<\/h2>\t\t\t\t<\/div>\n\t\t\t\t<div class=\"elementor-element elementor-element-ca1a9f3 elementor-widget-mobile__width-initial elementor-widget elementor-widget-heading\" data-id=\"ca1a9f3\" data-element_type=\"widget\" data-widget_type=\"heading.default\">\n\t\t\t\t\t<p class=\"elementor-heading-title elementor-size-default\">5. Cookies<\/p>\t\t\t\t<\/div>\n\t\t\t\t<div class=\"elementor-element elementor-element-0bb2da6 elementor-widget-mobile__width-initial elementor-widget elementor-widget-heading\" data-id=\"0bb2da6\" data-element_type=\"widget\" data-widget_type=\"heading.default\">\n\t\t\t\t\t<p class=\"elementor-heading-title elementor-size-default\">5.1 Cookies techniques ou fonctionnels<\/p>\t\t\t\t<\/div>\n\t\t\t\t<div class=\"elementor-element elementor-element-e2cb4e3 elementor-widget elementor-widget-heading\" data-id=\"e2cb4e3\" data-element_type=\"widget\" data-widget_type=\"heading.default\">\n\t\t\t\t\t<h2 class=\"elementor-heading-title elementor-size-default\">Nous ne partageons pas de donn\u00e9es personnelles avec des tiers, \u00e0 l'exception des int\u00e9grations techniques telles que:aCertains cookies garantissent le bon fonctionnement de certaines parties du site web et la connaissance de vos pr\u00e9f\u00e9rences d'utilisateur. En pla\u00e7ant des cookies fonctionnels, nous facilitons votre visite sur notre site web. Ainsi, vous ne devez pas saisir plusieurs fois les m\u00eames informations lorsque vous visitez notre site web et, par exemple, les articles restent dans votre panier d'achat jusqu'\u00e0 ce que vous ayez pay\u00e9. Nous pouvons placer ces cookies sans votre consentement.<\/h2>\t\t\t\t<\/div>\n\t\t\t\t<div class=\"elementor-element elementor-element-754611f elementor-widget-mobile__width-initial elementor-widget elementor-widget-heading\" data-id=\"754611f\" data-element_type=\"widget\" data-widget_type=\"heading.default\">\n\t\t\t\t\t<p class=\"elementor-heading-title elementor-size-default\">5.2 Cookies de marketing\/suivi<\/p>\t\t\t\t<\/div>\n\t\t\t\t<div class=\"elementor-element elementor-element-397991d elementor-widget elementor-widget-heading\" data-id=\"397991d\" data-element_type=\"widget\" data-widget_type=\"heading.default\">\n\t\t\t\t\t<h2 class=\"elementor-heading-title elementor-size-default\">Les cookies de marketing\/tra\u00e7age sont des cookies ou toute autre forme de stockage local, utilis\u00e9s pour cr\u00e9er des profils d'utilisateurs afin d'afficher de la publicit\u00e9 ou de suivre l'utilisateur sur ce site web ou sur plusieurs sites web \u00e0 des fins de marketing similaires.<\/h2>\t\t\t\t<\/div>\n\t\t\t\t<div class=\"elementor-element elementor-element-aa20a0a elementor-widget-mobile__width-initial elementor-widget elementor-widget-heading\" data-id=\"aa20a0a\" data-element_type=\"widget\" data-widget_type=\"heading.default\">\n\t\t\t\t\t<p class=\"elementor-heading-title elementor-size-default\">6. Placer des cookies<\/p>\t\t\t\t<\/div>\n\t\t\t\t<div class=\"elementor-element elementor-element-dd17d62 elementor-widget-mobile__width-initial elementor-widget elementor-widget-heading\" data-id=\"dd17d62\" data-element_type=\"widget\" data-widget_type=\"heading.default\">\n\t\t\t\t\t<p class=\"elementor-heading-title elementor-size-default\">7. Consentement<\/p>\t\t\t\t<\/div>\n\t\t\t\t<div class=\"elementor-element elementor-element-940e039 elementor-widget elementor-widget-heading\" data-id=\"940e039\" data-element_type=\"widget\" data-widget_type=\"heading.default\">\n\t\t\t\t\t<h2 class=\"elementor-heading-title elementor-size-default\">Lorsque vous visitez notre site web pour la premi\u00e8re fois, nous vous pr\u00e9senterons une fen\u00eatre contextuelle expliquant l'utilisation des cookies. D\u00e8s que vous cliquerez sur \"Enregistrer les pr\u00e9f\u00e9rences\", vous consentirez \u00e0 ce que nous utilisions les cat\u00e9gories de cookies et de plug-ins que vous avez s\u00e9lectionn\u00e9es dans la fen\u00eatre contextuelle, conform\u00e9ment \u00e0 notre politique en mati\u00e8re de cookies. Vous pouvez d\u00e9sactiver l'utilisation des cookies via votre navigateur, mais veuillez noter que notre site web pourrait alors ne plus fonctionner correctement.<\/h2>\t\t\t\t<\/div>\n\t\t\t\t<div class=\"elementor-element elementor-element-c669fd1 elementor-widget-mobile__width-initial elementor-widget elementor-widget-heading\" data-id=\"c669fd1\" data-element_type=\"widget\" data-widget_type=\"heading.default\">\n\t\t\t\t\t<p class=\"elementor-heading-title elementor-size-default\">9. Modifications de la pr\u00e9sente politique<\/p>\t\t\t\t<\/div>\n\t\t\t\t<div class=\"elementor-element elementor-element-3cb4102 elementor-widget-mobile__width-initial elementor-widget elementor-widget-heading\" data-id=\"3cb4102\" data-element_type=\"widget\" data-widget_type=\"heading.default\">\n\t\t\t\t\t<p class=\"elementor-heading-title elementor-size-default\">7.1 Gestion des param\u00e8tres de consentement<\/p>\t\t\t\t<\/div>\n\t\t\t\t<div class=\"elementor-element elementor-element-cf8cc03 elementor-widget-mobile__width-initial elementor-widget elementor-widget-heading\" data-id=\"cf8cc03\" data-element_type=\"widget\" data-widget_type=\"heading.default\">\n\t\t\t\t\t<p class=\"elementor-heading-title elementor-size-default\">Fonctionnel<\/p>\t\t\t\t<\/div>\n\t\t\t\t<div class=\"elementor-element elementor-element-b9e28fd elementor-widget elementor-widget-heading\" data-id=\"b9e28fd\" data-element_type=\"widget\" data-widget_type=\"heading.default\">\n\t\t\t\t\t<h2 class=\"elementor-heading-title elementor-size-default\">Le stockage technique ou l'acc\u00e8s est strictement n\u00e9cessaire dans le but l\u00e9gitime de permettre l'utilisation d'un service sp\u00e9cifique explicitement demand\u00e9 par l'abonn\u00e9 ou l'utilisateur, ou dans le seul but d'effectuer la transmission d'une communication sur un r\u00e9seau de communications \u00e9lectroniques.<\/h2>\t\t\t\t<\/div>\n\t\t\t\t<div class=\"elementor-element elementor-element-9984168 elementor-widget-mobile__width-initial elementor-widget elementor-widget-heading\" data-id=\"9984168\" data-element_type=\"widget\" data-widget_type=\"heading.default\">\n\t\t\t\t\t<p class=\"elementor-heading-title elementor-size-default\">Statistiques<\/p>\t\t\t\t<\/div>\n\t\t\t\t<div class=\"elementor-element elementor-element-784aaa4 elementor-widget elementor-widget-heading\" data-id=\"784aaa4\" data-element_type=\"widget\" data-widget_type=\"heading.default\">\n\t\t\t\t\t<h2 class=\"elementor-heading-title elementor-size-default\">Le stockage ou l'acc\u00e8s technique est utilis\u00e9 exclusivement \u00e0 des fins statistiques anonymes. En l'absence de citation \u00e0 compara\u00eetre, de conformit\u00e9 volontaire de la part de votre fournisseur d'acc\u00e8s \u00e0 Internet ou d'enregistrements suppl\u00e9mentaires de la part d'un tiers, les informations stock\u00e9es ou extraites \u00e0 cette seule fin ne peuvent g\u00e9n\u00e9ralement pas \u00eatre utilis\u00e9es pour vous identifier.<\/h2>\t\t\t\t<\/div>\n\t\t\t\t<div class=\"elementor-element elementor-element-5702b99 elementor-widget-mobile__width-initial elementor-widget elementor-widget-heading\" data-id=\"5702b99\" data-element_type=\"widget\" data-widget_type=\"heading.default\">\n\t\t\t\t\t<p class=\"elementor-heading-title elementor-size-default\">Marketing<\/p>\t\t\t\t<\/div>\n\t\t\t\t<div class=\"elementor-element elementor-element-3b5b9ae elementor-widget elementor-widget-heading\" data-id=\"3b5b9ae\" data-element_type=\"widget\" data-widget_type=\"heading.default\">\n\t\t\t\t\t<h2 class=\"elementor-heading-title elementor-size-default\">Le stockage ou l'acc\u00e8s technique est n\u00e9cessaire pour cr\u00e9er des profils d'utilisateurs afin d'envoyer de la publicit\u00e9, ou pour suivre l'utilisateur sur un site web ou sur plusieurs sites web \u00e0 des fins de marketing similaires.<\/h2>\t\t\t\t<\/div>\n\t\t\t\t<div class=\"elementor-element elementor-element-bbfd972 elementor-widget-mobile__width-initial elementor-widget elementor-widget-heading\" data-id=\"bbfd972\" data-element_type=\"widget\" data-widget_type=\"heading.default\">\n\t\t\t\t\t<p class=\"elementor-heading-title elementor-size-default\">8. Activation\/d\u00e9sactivation et suppression des cookies<\/p>\t\t\t\t<\/div>\n\t\t\t\t<div class=\"elementor-element elementor-element-f3221e9 elementor-widget elementor-widget-heading\" data-id=\"f3221e9\" data-element_type=\"widget\" data-widget_type=\"heading.default\">\n\t\t\t\t\t<h2 class=\"elementor-heading-title elementor-size-default\">Vous pouvez utiliser votre navigateur Internet pour supprimer automatiquement ou manuellement les cookies. Vous pouvez \u00e9galement sp\u00e9cifier que certains cookies ne doivent pas \u00eatre plac\u00e9s. Vous pouvez \u00e9galement modifier les param\u00e8tres de votre navigateur Internet de mani\u00e8re \u00e0 recevoir un message chaque fois qu'un cookie est plac\u00e9. Pour plus d'informations sur ces options, veuillez vous r\u00e9f\u00e9rer aux instructions de la section d'aide de votre navigateur.<br><br>\nVeuillez noter que notre site web peut ne pas fonctionner correctement si tous les cookies sont d\u00e9sactiv\u00e9s. Si vous supprimez les cookies dans votre navigateur, ils seront \u00e0 nouveau plac\u00e9s apr\u00e8s votre consentement lorsque vous visiterez \u00e0 nouveau notre site web.<\/h2>\t\t\t\t<\/div>\n\t\t\t\t<div class=\"elementor-element elementor-element-1249da5 elementor-widget-mobile__width-initial elementor-widget elementor-widget-heading\" data-id=\"1249da5\" data-element_type=\"widget\" data-widget_type=\"heading.default\">\n\t\t\t\t\t<p class=\"elementor-heading-title elementor-size-default\">9. Vos droits en mati\u00e8re de donn\u00e9es \u00e0 caract\u00e8re personnel<\/p>\t\t\t\t<\/div>\n\t\t\t\t<div class=\"elementor-element elementor-element-111841c elementor-widget elementor-widget-heading\" data-id=\"111841c\" data-element_type=\"widget\" data-widget_type=\"heading.default\">\n\t\t\t\t\t<h2 class=\"elementor-heading-title elementor-size-default\">Vous disposez des droits suivants en ce qui concerne vos donn\u00e9es personnelles :<\/h2>\t\t\t\t<\/div>\n\t\t\t\t<div class=\"elementor-element elementor-element-148cdb7 elementor-icon-list--layout-traditional elementor-list-item-link-full_width elementor-widget elementor-widget-icon-list\" data-id=\"148cdb7\" data-element_type=\"widget\" data-widget_type=\"icon-list.default\">\n\t\t\t\t\t\t\t<ul class=\"elementor-icon-list-items\">\n\t\t\t\t\t\t\t<li class=\"elementor-icon-list-item\">\n\t\t\t\t\t\t\t\t\t\t\t<span class=\"elementor-icon-list-icon\">\n\t\t\t\t\t\t\t<svg aria-hidden=\"true\" class=\"e-font-icon-svg e-fas-circle\" viewbox=\"0 0 512 512\" xmlns=\"http:\/\/www.w3.org\/2000\/svg\"><path d=\"M256 8C119 8 8 119 8 256s111 248 248 248 248-111 248-248S393 8 256 8z\"><\/path><\/svg>\t\t\t\t\t\t<\/span>\n\t\t\t\t\t\t\t\t\t\t<span class=\"elementor-icon-list-text\">Vous avez le droit de savoir pourquoi vos donn\u00e9es personnelles sont n\u00e9cessaires, ce qu'il en adviendra et pendant combien de temps elles seront conserv\u00e9es.<\/span>\n\t\t\t\t\t\t\t\t\t<\/li>\n\t\t\t\t\t\t\t\t<li class=\"elementor-icon-list-item\">\n\t\t\t\t\t\t\t\t\t\t\t<span class=\"elementor-icon-list-icon\">\n\t\t\t\t\t\t\t<svg aria-hidden=\"true\" class=\"e-font-icon-svg e-fas-circle\" viewbox=\"0 0 512 512\" xmlns=\"http:\/\/www.w3.org\/2000\/svg\"><path d=\"M256 8C119 8 8 119 8 256s111 248 248 248 248-111 248-248S393 8 256 8z\"><\/path><\/svg>\t\t\t\t\t\t<\/span>\n\t\t\t\t\t\t\t\t\t\t<span class=\"elementor-icon-list-text\">Droit d'acc\u00e8s : Vous avez le droit d'acc\u00e9der \u00e0 vos donn\u00e9es personnelles dont nous avons connaissance.<\/span>\n\t\t\t\t\t\t\t\t\t<\/li>\n\t\t\t\t\t\t\t\t<li class=\"elementor-icon-list-item\">\n\t\t\t\t\t\t\t\t\t\t\t<span class=\"elementor-icon-list-icon\">\n\t\t\t\t\t\t\t<svg aria-hidden=\"true\" class=\"e-font-icon-svg e-fas-circle\" viewbox=\"0 0 512 512\" xmlns=\"http:\/\/www.w3.org\/2000\/svg\"><path d=\"M256 8C119 8 8 119 8 256s111 248 248 248 248-111 248-248S393 8 256 8z\"><\/path><\/svg>\t\t\t\t\t\t<\/span>\n\t\t\t\t\t\t\t\t\t\t<span class=\"elementor-icon-list-text\">Droit de rectification : vous avez le droit de compl\u00e9ter, de corriger, de faire supprimer ou de bloquer vos donn\u00e9es personnelles quand vous le souhaitez.<\/span>\n\t\t\t\t\t\t\t\t\t<\/li>\n\t\t\t\t\t\t\t\t<li class=\"elementor-icon-list-item\">\n\t\t\t\t\t\t\t\t\t\t\t<span class=\"elementor-icon-list-icon\">\n\t\t\t\t\t\t\t<svg aria-hidden=\"true\" class=\"e-font-icon-svg e-fas-circle\" viewbox=\"0 0 512 512\" xmlns=\"http:\/\/www.w3.org\/2000\/svg\"><path d=\"M256 8C119 8 8 119 8 256s111 248 248 248 248-111 248-248S393 8 256 8z\"><\/path><\/svg>\t\t\t\t\t\t<\/span>\n\t\t\t\t\t\t\t\t\t\t<span class=\"elementor-icon-list-text\">Si vous nous donnez votre consentement pour le traitement de vos donn\u00e9es, vous avez le droit de r\u00e9voquer ce consentement et de faire effacer vos donn\u00e9es personnelles.<\/span>\n\t\t\t\t\t\t\t\t\t<\/li>\n\t\t\t\t\t\t\t\t<li class=\"elementor-icon-list-item\">\n\t\t\t\t\t\t\t\t\t\t\t<span class=\"elementor-icon-list-icon\">\n\t\t\t\t\t\t\t<svg aria-hidden=\"true\" class=\"e-font-icon-svg e-fas-circle\" viewbox=\"0 0 512 512\" xmlns=\"http:\/\/www.w3.org\/2000\/svg\"><path d=\"M256 8C119 8 8 119 8 256s111 248 248 248 248-111 248-248S393 8 256 8z\"><\/path><\/svg>\t\t\t\t\t\t<\/span>\n\t\t\t\t\t\t\t\t\t\t<span class=\"elementor-icon-list-text\">Droit de transf\u00e9rer vos donn\u00e9es : vous avez le droit de demander au responsable du traitement l'ensemble de vos donn\u00e9es \u00e0 caract\u00e8re personnel et de les transf\u00e9rer dans leur int\u00e9gralit\u00e9 \u00e0 un autre responsable du traitement.<\/span>\n\t\t\t\t\t\t\t\t\t<\/li>\n\t\t\t\t\t\t\t\t<li class=\"elementor-icon-list-item\">\n\t\t\t\t\t\t\t\t\t\t\t<span class=\"elementor-icon-list-icon\">\n\t\t\t\t\t\t\t<svg aria-hidden=\"true\" class=\"e-font-icon-svg e-fas-circle\" viewbox=\"0 0 512 512\" xmlns=\"http:\/\/www.w3.org\/2000\/svg\"><path d=\"M256 8C119 8 8 119 8 256s111 248 248 248 248-111 248-248S393 8 256 8z\"><\/path><\/svg>\t\t\t\t\t\t<\/span>\n\t\t\t\t\t\t\t\t\t\t<span class=\"elementor-icon-list-text\">Droit d'opposition : vous pouvez vous opposer au traitement de vos donn\u00e9es. Nous nous y conformons, \u00e0 moins qu'il n'existe des motifs justifi\u00e9s pour le traitement.<\/span>\n\t\t\t\t\t\t\t\t\t<\/li>\n\t\t\t\t\t\t<\/ul>\n\t\t\t\t\t\t<\/div>\n\t\t\t\t<div class=\"elementor-element elementor-element-b11526a elementor-widget elementor-widget-heading\" data-id=\"b11526a\" data-element_type=\"widget\" data-widget_type=\"heading.default\">\n\t\t\t\t\t<h2 class=\"elementor-heading-title elementor-size-default\">Pour exercer ces droits, veuillez nous contacter. Veuillez vous r\u00e9f\u00e9rer aux coordonn\u00e9es figurant au bas de la pr\u00e9sente politique en mati\u00e8re de cookies. Si vous avez une r\u00e9clamation concernant la mani\u00e8re dont nous traitons vos donn\u00e9es, nous aimerions l'entendre, mais vous avez \u00e9galement le droit de d\u00e9poser une r\u00e9clamation aupr\u00e8s de l'autorit\u00e9 de contr\u00f4le (l'Autorit\u00e9 de protection des donn\u00e9es).<\/h2>\t\t\t\t<\/div>\n\t\t\t\t<div class=\"elementor-element elementor-element-fda3eb7 elementor-widget-mobile__width-initial elementor-widget elementor-widget-heading\" data-id=\"fda3eb7\" data-element_type=\"widget\" data-widget_type=\"heading.default\">\n\t\t\t\t\t<p class=\"elementor-heading-title elementor-size-default\">10. Coordonn\u00e9es de la personne \u00e0 contacter<\/p>\t\t\t\t<\/div>\n\t\t\t\t<div class=\"elementor-element elementor-element-079f1ea elementor-widget elementor-widget-heading\" data-id=\"079f1ea\" data-element_type=\"widget\" data-widget_type=\"heading.default\">\n\t\t\t\t\t<h2 class=\"elementor-heading-title elementor-size-default\">Pour toute question et\/ou commentaire concernant notre politique en mati\u00e8re de cookies et la pr\u00e9sente d\u00e9claration, veuillez nous contacter en utilisant les coordonn\u00e9es suivantes :<\/h2>\t\t\t\t<\/div>\n\t\t\t\t<div class=\"elementor-element elementor-element-42c587e elementor-widget elementor-widget-heading\" data-id=\"42c587e\" data-element_type=\"widget\" data-widget_type=\"heading.default\">\n\t\t\t\t\t<h2 class=\"elementor-heading-title elementor-size-default\">THANSA ESTATE AGENTS LIMITED<br>\nSigma House, Oak View Close, TQ2<br>\n7FF, Torquay, Devon.<br>\nRoyaume-Uni<br>\nSite web : https:\/\/thansasol.com<br>\nCourriel : info@thansasol.com<\/h2>\t\t\t\t<\/div>\n\t\t\t\t\t<\/div>\n\t\t\t\t<\/div>\n\t\t\t\t<\/div>","protected":false},"excerpt":{"rendered":"<p>Cookie Policy \u2013 Thansa Sol This Cookie Policy was last updated on November 6, 2025 and applies to citizens and legal permanent residents of the European Economic Area and Switzerland. 1. Introduction Our website, https:\/\/thansasol.com (hereinafter: &#8220;the website&#8221;) uses cookies and other related technologies (for convenience all technologies are referred to as &#8220;cookies&#8221;). Cookies are [&hellip;]<\/p>","protected":false},"author":1,"featured_media":0,"parent":0,"menu_order":0,"comment_status":"closed","ping_status":"closed","template":"","meta":{"footnotes":""},"class_list":["post-3562","page","type-page","status-publish","hentry"],"_links":{"self":[{"href":"https:\/\/thansasol.com\/fr\/wp-json\/wp\/v2\/pages\/3562","targetHints":{"allow":["GET"]}}],"collection":[{"href":"https:\/\/thansasol.com\/fr\/wp-json\/wp\/v2\/pages"}],"about":[{"href":"https:\/\/thansasol.com\/fr\/wp-json\/wp\/v2\/types\/page"}],"author":[{"embeddable":true,"href":"https:\/\/thansasol.com\/fr\/wp-json\/wp\/v2\/users\/1"}],"replies":[{"embeddable":true,"href":"https:\/\/thansasol.com\/fr\/wp-json\/wp\/v2\/comments?post=3562"}],"version-history":[{"count":3,"href":"https:\/\/thansasol.com\/fr\/wp-json\/wp\/v2\/pages\/3562\/revisions"}],"predecessor-version":[{"id":3568,"href":"https:\/\/thansasol.com\/fr\/wp-json\/wp\/v2\/pages\/3562\/revisions\/3568"}],"wp:attachment":[{"href":"https:\/\/thansasol.com\/fr\/wp-json\/wp\/v2\/media?parent=3562"}],"curies":[{"name":"wp","href":"https:\/\/api.w.org\/{rel}","templated":true}]}}